{"id":40,"date":"2025-08-01T21:41:04","date_gmt":"2025-08-01T21:41:04","guid":{"rendered":"https:\/\/lombottom.com\/?page_id=40"},"modified":"2025-08-01T21:41:04","modified_gmt":"2025-08-01T21:41:04","slug":"servicios","status":"publish","type":"page","link":"https:\/\/lombottom.com\/?page_id=40","title":{"rendered":"Servicios"},"content":{"rendered":"\n<hr class=\"wp-block-separator has-alpha-channel-opacity\"\/>\n\n\n\n<h3 class=\"wp-block-heading\">\u2705 <strong>Tipos de servicios de consultor\u00eda en administraci\u00f3n<\/strong><\/h3>\n\n\n\n<ol class=\"wp-block-list\">\n<li><strong>Planeaci\u00f3n estrat\u00e9gica<\/strong>\n<ul class=\"wp-block-list\">\n<li>Definici\u00f3n de misi\u00f3n, visi\u00f3n y objetivos.<\/li>\n\n\n\n<li>Desarrollo de planes estrat\u00e9gicos a corto, mediano y largo plazo.<\/li>\n\n\n\n<li>An\u00e1lisis FODA y entorno competitivo.<\/li>\n<\/ul>\n<\/li>\n\n\n\n<li><strong>Organizaci\u00f3n y estructura<\/strong>\n<ul class=\"wp-block-list\">\n<li>Dise\u00f1o o redise\u00f1o de estructuras organizacionales.<\/li>\n\n\n\n<li>Definici\u00f3n de funciones, roles y procesos.<\/li>\n\n\n\n<li>Gobierno corporativo.<\/li>\n<\/ul>\n<\/li>\n\n\n\n<li><strong>Gesti\u00f3n del cambio<\/strong>\n<ul class=\"wp-block-list\">\n<li>Asistencia en procesos de transformaci\u00f3n organizacional.<\/li>\n\n\n\n<li>Comunicaci\u00f3n y cultura organizacional.<\/li>\n\n\n\n<li>Capacitaci\u00f3n y gesti\u00f3n de talento durante el cambio.<\/li>\n<\/ul>\n<\/li>\n\n\n\n<li><strong>Gesti\u00f3n del talento humano<\/strong>\n<ul class=\"wp-block-list\">\n<li>Dise\u00f1o de perfiles de puesto y manuales de funciones.<\/li>\n\n\n\n<li>Evaluaci\u00f3n del desempe\u00f1o y planes de carrera.<\/li>\n\n\n\n<li>Clima laboral y desarrollo de liderazgo.<\/li>\n<\/ul>\n<\/li>\n\n\n\n<li><strong>Optimizaci\u00f3n de procesos<\/strong>\n<ul class=\"wp-block-list\">\n<li>Mejora continua (Lean, Kaizen, Six Sigma).<\/li>\n\n\n\n<li>Redise\u00f1o de procesos (BPR).<\/li>\n\n\n\n<li>Mapeo y automatizaci\u00f3n de procesos.<\/li>\n<\/ul>\n<\/li>\n\n\n\n<li><strong>Gesti\u00f3n financiera<\/strong>\n<ul class=\"wp-block-list\">\n<li>An\u00e1lisis financiero y control de costos.<\/li>\n\n\n\n<li>Presupuestos, indicadores financieros y KPIs.<\/li>\n\n\n\n<li>Modelos de rentabilidad y flujo de caja.<\/li>\n<\/ul>\n<\/li>\n\n\n\n<li><strong>Marketing y posicionamiento<\/strong>\n<ul class=\"wp-block-list\">\n<li>Estudios de mercado.<\/li>\n\n\n\n<li>Estrategias de branding y posicionamiento.<\/li>\n\n\n\n<li>Dise\u00f1o de planes de marketing y ventas.<\/li>\n<\/ul>\n<\/li>\n\n\n\n<li><strong>Transformaci\u00f3n digital<\/strong>\n<ul class=\"wp-block-list\">\n<li>Digitalizaci\u00f3n de procesos.<\/li>\n\n\n\n<li>Asesor\u00eda en sistemas ERP, CRM, BI, etc.<\/li>\n\n\n\n<li>Ciberseguridad y gesti\u00f3n de datos.<\/li>\n<\/ul>\n<\/li>\n<\/ol>\n\n\n\n<hr class=\"wp-block-separator has-alpha-channel-opacity\"\/>\n\n\n\n<h3 class=\"wp-block-heading\">\ud83e\uddd1\u200d\ud83d\udcbc \u00bfQui\u00e9nes contratan estos servicios?<\/h3>\n\n\n\n<ul class=\"wp-block-list\">\n<li><strong>Empresas privadas<\/strong>, desde pymes hasta grandes corporaciones.<\/li>\n\n\n\n<li><strong>Gobiernos y entes p\u00fablicos<\/strong>, para modernizar la administraci\u00f3n p\u00fablica.<\/li>\n\n\n\n<li><strong>ONGs y fundaciones<\/strong>, para optimizar recursos y maximizar impacto.<\/li>\n\n\n\n<li><strong>Startups<\/strong>, para escalar de manera organizada.<\/li>\n<\/ul>\n\n\n\n<hr class=\"wp-block-separator has-alpha-channel-opacity\"\/>\n\n\n\n<h3 class=\"wp-block-heading\">\ud83d\udee0\ufe0f \u00bfQu\u00e9 entregables incluye una consultor\u00eda?<\/h3>\n\n\n\n<ul class=\"wp-block-list\">\n<li>Diagn\u00f3stico organizacional.<\/li>\n\n\n\n<li>Planes de mejora o intervenci\u00f3n.<\/li>\n\n\n\n<li>Manuales, pol\u00edticas y procedimientos.<\/li>\n\n\n\n<li>Capacitaci\u00f3n y talleres.<\/li>\n\n\n\n<li>Acompa\u00f1amiento en la implementaci\u00f3n.<\/li>\n<\/ul>\n","protected":false},"excerpt":{"rendered":"<p>\u2705 Tipos de servicios de consultor\u00eda en administraci\u00f3n \ud83e\uddd1\u200d\ud83d\udcbc \u00bfQui\u00e9nes contratan estos servicios? \ud83d\udee0\ufe0f \u00bfQu\u00e9 entregables incluye una consultor\u00eda?<\/p>\n","protected":false},"author":1,"featured_media":0,"parent":0,"menu_order":0,"comment_status":"closed","ping_status":"closed","template":"","meta":{"footnotes":""},"class_list":["post-40","page","type-page","status-publish","hentry"],"_links":{"self":[{"href":"https:\/\/lombottom.com\/index.php?rest_route=\/wp\/v2\/pages\/40","targetHints":{"allow":["GET"]}}],"collection":[{"href":"https:\/\/lombottom.com\/index.php?rest_route=\/wp\/v2\/pages"}],"about":[{"href":"https:\/\/lombottom.com\/index.php?rest_route=\/wp\/v2\/types\/page"}],"author":[{"embeddable":true,"href":"https:\/\/lombottom.com\/index.php?rest_route=\/wp\/v2\/users\/1"}],"replies":[{"embeddable":true,"href":"https:\/\/lombottom.com\/index.php?rest_route=%2Fwp%2Fv2%2Fcomments&post=40"}],"version-history":[{"count":1,"href":"https:\/\/lombottom.com\/index.php?rest_route=\/wp\/v2\/pages\/40\/revisions"}],"predecessor-version":[{"id":41,"href":"https:\/\/lombottom.com\/index.php?rest_route=\/wp\/v2\/pages\/40\/revisions\/41"}],"wp:attachment":[{"href":"https:\/\/lombottom.com\/index.php?rest_route=%2Fwp%2Fv2%2Fmedia&parent=40"}],"curies":[{"name":"wp","href":"https:\/\/api.w.org\/{rel}","templated":true}]}}