{"id":16,"date":"2025-08-01T18:26:55","date_gmt":"2025-08-01T18:26:55","guid":{"rendered":"https:\/\/lombottom.com\/?page_id=16"},"modified":"2025-08-01T21:44:09","modified_gmt":"2025-08-01T21:44:09","slug":"about-us","status":"publish","type":"page","link":"https:\/\/lombottom.com\/?page_id=16","title":{"rendered":"Sobre nosotros"},"content":{"rendered":"\n<h6 class=\"wp-block-heading\">\ud83e\udde9 <strong>\u00bfC\u00f3mo son nuestros servicios de consultor\u00eda en administraci\u00f3n?<\/strong><\/h6>\n\n\n\n<p>En <strong>LOMBOTTOM<\/strong>, nuestros servicios de consultor\u00eda est\u00e1n dise\u00f1ados para generar <strong>valor real, sostenible y medible<\/strong> para cada cliente. Nos especializamos en acompa\u00f1ar a organizaciones en su transformaci\u00f3n, crecimiento y eficiencia operativa, mediante un enfoque pr\u00e1ctico, personalizado y basado en resultados.<\/p>\n\n\n\n<h4 class=\"wp-block-heading\">\u2714\ufe0f <strong>Enfoque personalizado<\/strong><\/h4>\n\n\n\n<p>Adaptamos cada soluci\u00f3n a las necesidades espec\u00edficas de tu organizaci\u00f3n. Analizamos a fondo tu contexto, cultura, procesos y objetivos para dise\u00f1ar estrategias que realmente funcionen.<\/p>\n\n\n\n<h4 class=\"wp-block-heading\">\u2714\ufe0f <strong>Diagn\u00f3stico claro y profundo<\/strong><\/h4>\n\n\n\n<p>Realizamos un an\u00e1lisis integral de tu empresa: estructura, procesos, cultura organizacional, mercado y entorno competitivo. Esto nos permite detectar oportunidades, riesgos y \u00e1reas de mejora clave.<\/p>\n\n\n\n<h4 class=\"wp-block-heading\">\u2714\ufe0f <strong>Soluciones estrat\u00e9gicas y operativas<\/strong><\/h4>\n\n\n\n<p>No solo desarrollamos planes: implementamos estrategias que alinean a tu equipo, optimizan recursos y mejoran la toma de decisiones. Combinamos visi\u00f3n estrat\u00e9gica con ejecuci\u00f3n pr\u00e1ctica.<\/p>\n\n\n\n<h4 class=\"wp-block-heading\">\u2714\ufe0f <strong>Acompa\u00f1amiento continuo<\/strong><\/h4>\n\n\n\n<p>Te acompa\u00f1amos durante todo el proceso: desde el diagn\u00f3stico hasta la implementaci\u00f3n y seguimiento. Nuestro compromiso es que los cambios se mantengan en el tiempo y generen impacto real.<\/p>\n\n\n\n<h4 class=\"wp-block-heading\">\u2714\ufe0f <strong>Basado en buenas pr\u00e1cticas y metodolog\u00edas<\/strong><\/h4>\n\n\n\n<p>Utilizamos herramientas y metodolog\u00edas reconocidas internacionalmente (Lean, OKR, Canvas, Balanced Scorecard, entre otras), ajustadas a la realidad de tu negocio.<\/p>\n\n\n\n<h4 class=\"wp-block-heading\">\u2714\ufe0f <strong>Enfoque en resultados<\/strong><\/h4>\n\n\n\n<p>Nos medimos por los resultados que logramos contigo: mayor eficiencia, reducci\u00f3n de costos, mejora en la rentabilidad, fortalecimiento del equipo y crecimiento sostenible.<\/p>\n\n\n\n<hr class=\"wp-block-separator has-alpha-channel-opacity\"\/>\n\n\n\n<div class=\"wp-block-columns mt-50 is-layout-flex wp-container-core-columns-is-layout-28f84493 wp-block-columns-is-layout-flex\">\n<div class=\"wp-block-column is-layout-flow wp-block-column-is-layout-flow\"><\/div>\n\n\n\n<div class=\"wp-block-column is-layout-flow wp-block-column-is-layout-flow\"><\/div>\n\n\n\n<div class=\"wp-block-column is-layout-flow wp-block-column-is-layout-flow\"><\/div>\n\n\n\n<div class=\"wp-block-column is-layout-flow wp-block-column-is-layout-flow\"><\/div>\n<\/div>\n","protected":false},"excerpt":{"rendered":"<p>\ud83e\udde9 \u00bfC\u00f3mo son nuestros servicios de consultor\u00eda en administraci\u00f3n? En LOMBOTTOM, nuestros servicios de consultor\u00eda est\u00e1n dise\u00f1ados para generar valor real, sostenible y medible para cada cliente. Nos especializamos en acompa\u00f1ar a organizaciones en su transformaci\u00f3n, crecimiento y eficiencia operativa, mediante un enfoque pr\u00e1ctico, personalizado y basado en resultados. \u2714\ufe0f Enfoque personalizado Adaptamos cada soluci\u00f3n [&hellip;]<\/p>\n","protected":false},"author":1,"featured_media":0,"parent":0,"menu_order":0,"comment_status":"closed","ping_status":"closed","template":"","meta":{"footnotes":""},"class_list":["post-16","page","type-page","status-publish","hentry"],"_links":{"self":[{"href":"https:\/\/lombottom.com\/index.php?rest_route=\/wp\/v2\/pages\/16","targetHints":{"allow":["GET"]}}],"collection":[{"href":"https:\/\/lombottom.com\/index.php?rest_route=\/wp\/v2\/pages"}],"about":[{"href":"https:\/\/lombottom.com\/index.php?rest_route=\/wp\/v2\/types\/page"}],"author":[{"embeddable":true,"href":"https:\/\/lombottom.com\/index.php?rest_route=\/wp\/v2\/users\/1"}],"replies":[{"embeddable":true,"href":"https:\/\/lombottom.com\/index.php?rest_route=%2Fwp%2Fv2%2Fcomments&post=16"}],"version-history":[{"count":4,"href":"https:\/\/lombottom.com\/index.php?rest_route=\/wp\/v2\/pages\/16\/revisions"}],"predecessor-version":[{"id":42,"href":"https:\/\/lombottom.com\/index.php?rest_route=\/wp\/v2\/pages\/16\/revisions\/42"}],"wp:attachment":[{"href":"https:\/\/lombottom.com\/index.php?rest_route=%2Fwp%2Fv2%2Fmedia&parent=16"}],"curies":[{"name":"wp","href":"https:\/\/api.w.org\/{rel}","templated":true}]}}